{"id":71263,"date":"2024-07-28T11:06:17","date_gmt":"2024-07-28T09:06:17","guid":{"rendered":"https:\/\/www.loewenhotel.de\/?page_id=71263"},"modified":"2024-07-28T11:11:55","modified_gmt":"2024-07-28T09:11:55","slug":"arrangements","status":"publish","type":"page","link":"http:\/\/www.loewenhotel.de\/en\/arrangements\/","title":{"rendered":"Arrangements"},"content":{"rendered":"<p>[et_pb_section fb_built=&#8220;1&#8243; _builder_version=&#8220;4.16&#8243; background_color_gradient_direction=&#8220;90deg&#8220; background_image=&#8220;https:\/\/www.loewenhotel.de\/wp-content\/uploads\/2021\/07\/freizeit1.jpg&#8220; custom_padding=&#8220;145px||191px||false|&#8220; global_colors_info=&#8220;{}&#8220;][et_pb_row use_custom_gutter=&#8220;on&#8220; gutter_width=&#8220;2&#8243; make_equal=&#8220;on&#8220; _builder_version=&#8220;4.16&#8243; width=&#8220;92%&#8220; width_tablet=&#8220;90%&#8220; width_phone=&#8220;90%&#8220; width_last_edited=&#8220;on|tablet&#8220; max_width=&#8220;1170px&#8220; max_width_tablet=&#8220;90%&#8220; max_width_phone=&#8220;90%&#8220; max_width_last_edited=&#8220;on|tablet&#8220; global_colors_info=&#8220;{}&#8220;][et_pb_column type=&#8220;4_4&#8243; _builder_version=&#8220;4.16&#8243; global_colors_info=&#8220;{}&#8220;][et_pb_text _builder_version=&#8220;4.27.0&#8243; header_font=&#8220;Noto Serif||||||||&#8220; header_text_color=&#8220;rgba(255,255,255,0.09)&#8220; header_font_size=&#8220;350px&#8220; custom_margin=&#8220;-71px||||false|false&#8220; custom_padding=&#8220;|||17px|false|false&#8220; animation_style=&#8220;slide&#8220; animation_direction=&#8220;top&#8220; header_font_size_tablet=&#8220;&#8220; header_font_size_phone=&#8220;200px&#8220; header_font_size_last_edited=&#8220;on|desktop&#8220; global_colors_info=&#8220;{}&#8220;]<\/p>\n<h1>A<\/h1>\n<p>[\/et_pb_text][et_pb_text _builder_version=&#8220;4.27.0&#8243; header_font=&#8220;||||||||&#8220; header_text_color=&#8220;#95700a&#8220; header_font_size=&#8220;70px&#8220; z_index=&#8220;999&#8243; custom_margin=&#8220;-231px||||false|false&#8220; custom_margin_tablet=&#8220;&#8220; custom_margin_phone=&#8220;-152px||||false|false&#8220; custom_margin_last_edited=&#8220;on|desktop&#8220; animation_style=&#8220;slide&#8220; animation_direction=&#8220;right&#8220; animation_delay=&#8220;200ms&#8220; header_font_size_tablet=&#8220;50px&#8220; header_font_size_phone=&#8220;30px&#8220; header_font_size_last_edited=&#8220;on|desktop&#8220; global_colors_info=&#8220;{}&#8220;]<\/p>\n<h1>Arrangements<\/h1>\n<p>[\/et_pb_text][et_pb_text _builder_version=&#8220;4.27.0&#8243; text_font=&#8220;||||||||&#8220; text_text_color=&#8220;#000000&#8243; text_font_size=&#8220;16px&#8220; text_line_height=&#8220;1.8em&#8220; background_color=&#8220;rgba(255,255,255,0.4)&#8220; z_index=&#8220;999&#8243; max_width=&#8220;671px&#8220; custom_margin_tablet=&#8220;&#8220; custom_margin_phone=&#8220;-18px||||false|false&#8220; custom_margin_last_edited=&#8220;on|desktop&#8220; custom_padding=&#8220;25px|25px|25px|25px|false|false&#8220; custom_padding_tablet=&#8220;&#8220; custom_padding_phone=&#8220;|||0px|false|false&#8220; custom_padding_last_edited=&#8220;on|desktop&#8220; animation_style=&#8220;slide&#8220; animation_direction=&#8220;left&#8220; animation_delay=&#8220;400ms&#8220; border_radii=&#8220;off|10px||10px|&#8220; global_colors_info=&#8220;{}&#8220;]<\/p>\n<p style=\"text-align: justify;\"><span>Arrangements to relax and enjoy<\/span><\/p>\n<p>[\/et_pb_text][\/et_pb_column][\/et_pb_row][\/et_pb_section][et_pb_section fb_built=&#8220;1&#8243; _builder_version=&#8220;4.16&#8243; custom_padding=&#8220;||68px|||&#8220; global_colors_info=&#8220;{}&#8220;][et_pb_row column_structure=&#8220;3_4,1_4&#8243; use_custom_gutter=&#8220;on&#8220; gutter_width=&#8220;1&#8243; make_equal=&#8220;on&#8220; _builder_version=&#8220;4.16&#8243; width=&#8220;92%&#8220; width_tablet=&#8220;90%&#8220; width_phone=&#8220;90%&#8220; width_last_edited=&#8220;on|tablet&#8220; max_width=&#8220;1170px&#8220; max_width_tablet=&#8220;90%&#8220; max_width_phone=&#8220;90%&#8220; max_width_last_edited=&#8220;on|tablet&#8220; custom_margin=&#8220;-126px||||false|false&#8220; custom_padding=&#8220;0px||0px||false|false&#8220; box_shadow_style=&#8220;preset3&#8243; box_shadow_blur=&#8220;43px&#8220; global_colors_info=&#8220;{}&#8220;][et_pb_column type=&#8220;3_4&#8243; _builder_version=&#8220;4.16&#8243; background_color=&#8220;#95700a&#8220; custom_padding=&#8220;64px||64px|64px|true|false&#8220; custom_padding_tablet=&#8220;&#8220; custom_padding_phone=&#8220;|||0px|false|false&#8220; custom_padding_last_edited=&#8220;on|desktop&#8220; global_colors_info=&#8220;{}&#8220;][et_pb_text _builder_version=&#8220;4.16&#8243; text_font=&#8220;Noto Serif||||||||&#8220; text_text_color=&#8220;#ffffff&#8220; text_font_size=&#8220;25px&#8220; text_font_size_tablet=&#8220;&#8220; text_font_size_phone=&#8220;16px&#8220; text_font_size_last_edited=&#8220;on|desktop&#8220; global_colors_info=&#8220;{}&#8220; text_text_align_phone=&#8220;center&#8220; text_text_align_last_edited=&#8220;on|desktop&#8220;]<\/p>\n<p>Use our online reservation\u2026<\/p>\n<p>[\/et_pb_text][\/et_pb_column][et_pb_column type=&#8220;1_4&#8243; _builder_version=&#8220;4.16&#8243; background_color=&#8220;#93875d&#8220; background_enable_image=&#8220;off&#8220; background_size=&#8220;initial&#8220; background_position=&#8220;bottom_left&#8220; global_colors_info=&#8220;{}&#8220;][et_pb_text _builder_version=&#8220;4.16&#8243; text_font=&#8220;Open Sans|700|||||||&#8220; text_text_color=&#8220;#ffffff&#8220; text_font_size=&#8220;18px&#8220; text_line_height=&#8220;1.3em&#8220; text_orientation=&#8220;center&#8220; custom_margin=&#8220;||||true|false&#8220; custom_padding=&#8220;64px||64px||true|false&#8220; link_option_url=&#8220;\/zimmer#buchen&#8220; text_text_align=&#8220;center&#8220; global_colors_info=&#8220;{}&#8220; background__hover_enabled=&#8220;on&#8220; background_color__hover=&#8220;#C1B086&#8243; background_enable_color__hover=&#8220;on&#8220;]<\/p>\n<p>RESERVATIONS<\/p>\n<p>[\/et_pb_text][\/et_pb_column][\/et_pb_row][\/et_pb_section][et_pb_section fb_built=&#8220;1&#8243; make_equal=&#8220;on&#8220; use_custom_gutter=&#8220;on&#8220; gutter_width=&#8220;2&#8243; specialty=&#8220;on&#8220; padding_top_1=&#8220;0px&#8220; padding_top_2=&#8220;0px&#8220; padding_bottom_1=&#8220;0px&#8220; padding_bottom_2=&#8220;0px&#8220; padding_top_bottom_link_1=&#8220;true&#8220; padding_top_bottom_link_2=&#8220;true&#8220; padding_left_right_link_2=&#8220;false&#8220; _builder_version=&#8220;4.27.0&#8243; inner_width=&#8220;90%&#8220; inner_width_tablet=&#8220;90%&#8220; inner_width_phone=&#8220;90%&#8220; inner_width_last_edited=&#8220;on|desktop&#8220; inner_max_width_tablet=&#8220;90%&#8220; inner_max_width_phone=&#8220;90%&#8220; inner_max_width_last_edited=&#8220;off|desktop&#8220; custom_padding=&#8220;100px||100px||true|false&#8220; hover_enabled=&#8220;0&#8243; global_colors_info=&#8220;{}&#8220; theme_builder_area=&#8220;post_content&#8220; title_text=&#8220;technology-35-1&#8243; background_image=&#8220;https:\/\/www.loewenhotel.de\/wp-content\/uploads\/2021\/07\/technology-35-1.jpg&#8220; sticky_enabled=&#8220;0&#8243;][et_pb_column type=&#8220;1_2&#8243; specialty_columns=&#8220;2&#8243; _builder_version=&#8220;4.16&#8243; custom_padding=&#8220;|||&#8220; global_colors_info=&#8220;{}&#8220; custom_padding__hover=&#8220;|||&#8220; theme_builder_area=&#8220;post_content&#8220;][et_pb_row_inner use_custom_gutter=&#8220;on&#8220; gutter_width=&#8220;2&#8243; make_equal=&#8220;on&#8220; custom_padding_last_edited=&#8220;on|phone&#8220; _builder_version=&#8220;4.18.0&#8243; custom_padding=&#8220;55px|36px|0px||false|false&#8220; custom_padding_tablet=&#8220;0px||||false|false&#8220; custom_padding_phone=&#8220;0px|0px|0px||false|false&#8220; global_colors_info=&#8220;{}&#8220; theme_builder_area=&#8220;post_content&#8220;][et_pb_column_inner saved_specialty_column_type=&#8220;1_2&#8243; _builder_version=&#8220;4.16&#8243; global_colors_info=&#8220;{}&#8220; theme_builder_area=&#8220;post_content&#8220;][et_pb_text _builder_version=&#8220;4.25.0&#8243; header_3_font=&#8220;Poppins|700|||||||&#8220; header_3_text_align=&#8220;left&#8220; header_3_text_color=&#8220;#000000&#8243; header_3_font_size=&#8220;40px&#8220; header_3_letter_spacing=&#8220;-1px&#8220; header_3_line_height=&#8220;1.2em&#8220; custom_margin=&#8220;-5px||||false|false&#8220; custom_margin_tablet=&#8220;-15px||||false|false&#8220; custom_margin_phone=&#8220;-15px||||false|false&#8220; custom_margin_last_edited=&#8220;on|phone&#8220; header_3_font_size_tablet=&#8220;&#8220; header_3_font_size_phone=&#8220;30px&#8220; header_3_font_size_last_edited=&#8220;on|phone&#8220; global_colors_info=&#8220;{}&#8220; theme_builder_area=&#8220;post_content&#8220;]<\/p>\n<h3>New Year's Eve 2024 for four-legged friends with their owners<\/h3>\n<p>[\/et_pb_text][et_pb_text _builder_version=&#8220;4.21.0&#8243; text_font=&#8220;||||||||&#8220; text_text_color=&#8220;#000000&#8243; text_font_size=&#8220;17px&#8220; text_line_height=&#8220;1.8em&#8220; custom_margin=&#8220;-10px||||false|false&#8220; custom_margin_tablet=&#8220;-20px||||false|false&#8220; custom_margin_phone=&#8220;-20px||||false|false&#8220; custom_margin_last_edited=&#8220;on|phone&#8220; custom_padding=&#8220;||||false|false&#8220; global_colors_info=&#8220;{}&#8220; theme_builder_area=&#8220;post_content&#8220;]<\/p>\n<ul>\n<li>3 nights including breakfast<\/li>\n<li>5 course menu on New Year's Eve<\/li>\n<li>no music, no fireworks<\/li>\n<li>on December 30th and 31st, hikes with culinary accompaniment<\/li>\n<\/ul>\n<p>[\/et_pb_text][\/et_pb_column_inner][\/et_pb_row_inner][et_pb_row_inner use_custom_gutter=&#8220;on&#8220; gutter_width=&#8220;2&#8243; make_equal=&#8220;on&#8220; _builder_version=&#8220;4.21.0&#8243; custom_padding=&#8220;35px||0px||false|false&#8220; global_colors_info=&#8220;{}&#8220; theme_builder_area=&#8220;post_content&#8220;][et_pb_column_inner saved_specialty_column_type=&#8220;1_2&#8243; _builder_version=&#8220;4.16&#8243; global_colors_info=&#8220;{}&#8220; theme_builder_area=&#8220;post_content&#8220;][et_pb_blurb title=&#8220;Preis pro Person im Doppelzimmer 310,00 \u20ac&#8220; image=&#8220;https:\/\/www.loewenhotel.de\/wp-content\/uploads\/2023\/07\/new-section-1-9.png&#8220; icon_placement=&#8220;left&#8220; image_icon_width=&#8220;29px&#8220; content_max_width=&#8220;100%&#8220; _builder_version=&#8220;4.21.0&#8243; header_font=&#8220;Poppins|700|||||||&#8220; header_text_align=&#8220;left&#8220; header_text_color=&#8220;#000000&#8243; header_font_size=&#8220;16px&#8220; header_line_height=&#8220;1.9em&#8220; animation=&#8220;off&#8220; image_max_width=&#8220;29px&#8220; global_colors_info=&#8220;{}&#8220; theme_builder_area=&#8220;post_content&#8220;][\/et_pb_blurb][et_pb_blurb title=&#8220;Preis pro Person im Einzelzimmer 355,00 \u20ac&#8220; image=&#8220;https:\/\/www.loewenhotel.de\/wp-content\/uploads\/2023\/07\/new-section-1-9.png&#8220; icon_placement=&#8220;left&#8220; image_icon_width=&#8220;29px&#8220; content_max_width=&#8220;100%&#8220; _builder_version=&#8220;4.21.0&#8243; header_font=&#8220;Poppins|700|||||||&#8220; header_text_align=&#8220;left&#8220; header_text_color=&#8220;#000000&#8243; header_font_size=&#8220;16px&#8220; header_line_height=&#8220;1.9em&#8220; custom_margin=&#8220;-10px||||false|false&#8220; animation=&#8220;off&#8220; image_max_width=&#8220;29px&#8220; global_colors_info=&#8220;{}&#8220; theme_builder_area=&#8220;post_content&#8220;][\/et_pb_blurb][et_pb_blurb title=&#8220;Preis pro Person je Verl\u00e4ngerungsnacht 90,00 \u20ac&#8220; image=&#8220;https:\/\/www.loewenhotel.de\/wp-content\/uploads\/2023\/07\/new-section-1-9.png&#8220; icon_placement=&#8220;left&#8220; image_icon_width=&#8220;29px&#8220; content_max_width=&#8220;100%&#8220; _builder_version=&#8220;4.21.0&#8243; header_font=&#8220;Poppins|700|||||||&#8220; header_text_align=&#8220;left&#8220; header_text_color=&#8220;#000000&#8243; header_font_size=&#8220;16px&#8220; header_line_height=&#8220;1.9em&#8220; custom_margin=&#8220;-10px||||false|false&#8220; animation=&#8220;off&#8220; image_max_width=&#8220;29px&#8220; global_colors_info=&#8220;{}&#8220; theme_builder_area=&#8220;post_content&#8220;][\/et_pb_blurb][et_pb_text _builder_version=&#8220;4.21.0&#8243; text_font=&#8220;||||||||&#8220; text_text_color=&#8220;#000000&#8243; text_font_size=&#8220;17px&#8220; text_line_height=&#8220;1.8em&#8220; custom_margin=&#8220;-10px||||false|false&#8220; custom_margin_tablet=&#8220;-20px||||false|false&#8220; custom_margin_phone=&#8220;-20px||||false|false&#8220; custom_margin_last_edited=&#8220;on|phone&#8220; custom_padding=&#8220;||||false|false&#8220; global_colors_info=&#8220;{}&#8220; theme_builder_area=&#8220;post_content&#8220;]Wir freuen uns mit Ihnen den Jahreswechsel zu verbringen!<br \/>\nFamilie T\u00f6llner &#038; Team[\/et_pb_text][\/et_pb_column_inner][\/et_pb_row_inner][\/et_pb_column][et_pb_column type=&#8220;1_2&#8243; _builder_version=&#8220;4.16&#8243; custom_padding=&#8220;|||&#8220; global_colors_info=&#8220;{}&#8220; custom_padding__hover=&#8220;|||&#8220; theme_builder_area=&#8220;post_content&#8220;][et_pb_image src=&#8220;https:\/\/www.loewenhotel.de\/wp-content\/uploads\/2023\/07\/silvesnter-2023.png&#8220; title_text=&#8220;silvesnter-2023&#8243; align_tablet=&#8220;center&#8220; align_phone=&#8220;center&#8220; align_last_edited=&#8220;on|phone&#8220; _builder_version=&#8220;4.21.0&#8243; max_width=&#8220;545px&#8220; module_alignment=&#8220;right&#8220; scroll_rotating=&#8220;0|50|50|100|90|0|-90\u00b0&#8220; module_alignment_tablet=&#8220;center&#8220; module_alignment_phone=&#8220;center&#8220; module_alignment_last_edited=&#8220;on|phone&#8220; scroll_rotating_tablet=&#8220;0|50|50|100|0\u00b0|0|0\u00b0&#8220; scroll_rotating_phone=&#8220;0|50|50|100|0\u00b0|0|0\u00b0&#8220; scroll_rotating_last_edited=&#8220;on|phone&#8220; border_radii=&#8220;on|1000px|1000px|1000px|1000px&#8220; global_colors_info=&#8220;{}&#8220; theme_builder_area=&#8220;post_content&#8220;][\/et_pb_image][\/et_pb_column][\/et_pb_section]<\/p>","protected":false},"excerpt":{"rendered":"<p>AArrangementsArrangements zum Entspannen und Genie\u00dfenNutzen Sie unsere Onlinereservierung&#8230;RESERVIERENSilvester 2024 f\u00fcr Vierbeiner \u00a0mit Herrchen und Frauchen 3 \u00dcbernachtungen inkl. Fr\u00fchst\u00fcck am Silvesterabend 5 Gang-Men\u00fc keine Musik, kein Feuerwerk am 30.12 und 31.12 Wanderungen mit kulinarischer Begleitung Wir freuen uns mit Ihnen den Jahreswechsel zu verbringen! Familie T\u00f6llner &#038; Team<\/p>","protected":false},"author":1,"featured_media":0,"parent":0,"menu_order":0,"comment_status":"closed","ping_status":"closed","template":"","meta":{"_et_pb_use_builder":"on","_et_pb_old_content":"","_et_gb_content_width":"","footnotes":""},"class_list":["post-71263","page","type-page","status-publish","hentry"],"_links":{"self":[{"href":"http:\/\/www.loewenhotel.de\/en\/wp-json\/wp\/v2\/pages\/71263","targetHints":{"allow":["GET"]}}],"collection":[{"href":"http:\/\/www.loewenhotel.de\/en\/wp-json\/wp\/v2\/pages"}],"about":[{"href":"http:\/\/www.loewenhotel.de\/en\/wp-json\/wp\/v2\/types\/page"}],"author":[{"embeddable":true,"href":"http:\/\/www.loewenhotel.de\/en\/wp-json\/wp\/v2\/users\/1"}],"replies":[{"embeddable":true,"href":"http:\/\/www.loewenhotel.de\/en\/wp-json\/wp\/v2\/comments?post=71263"}],"version-history":[{"count":4,"href":"http:\/\/www.loewenhotel.de\/en\/wp-json\/wp\/v2\/pages\/71263\/revisions"}],"predecessor-version":[{"id":71273,"href":"http:\/\/www.loewenhotel.de\/en\/wp-json\/wp\/v2\/pages\/71263\/revisions\/71273"}],"wp:attachment":[{"href":"http:\/\/www.loewenhotel.de\/en\/wp-json\/wp\/v2\/media?parent=71263"}],"curies":[{"name":"wp","href":"https:\/\/api.w.org\/{rel}","templated":true}]}}